{"id":92,"date":"2017-12-08T12:48:56","date_gmt":"2017-12-08T12:48:56","guid":{"rendered":"http:\/\/www.marynalavrenyuk.art\/?page_id=92"},"modified":"2026-04-27T07:25:11","modified_gmt":"2026-04-27T07:25:11","slug":"ferienkurse-fuer-kinder","status":"publish","type":"page","link":"http:\/\/www.marynalavrenyuk.art\/?page_id=92","title":{"rendered":"Ferienkurse"},"content":{"rendered":"\n<p>Programm in den Sommerferien 2026<\/p>\n\n\n\n<p><strong>Tiere und Fabelwesen &#8211; Art Camp Sommerferie<\/strong>n<\/p>\n\n\n\n<p>10.08.2026 &#8211; 14.08.2026<\/p>\n\n\n\n<p>9:00 &#8211; 15:00<\/p>\n\n\n\n<figure class=\"wp-block-image size-full\"><img loading=\"lazy\" decoding=\"async\" width=\"460\" height=\"338\" src=\"http:\/\/www.marynalavrenyuk.art\/wp-content\/uploads\/2023\/05\/profile_IMG_20200203_151331349.jpg\" alt=\"\" class=\"wp-image-867\" srcset=\"http:\/\/www.marynalavrenyuk.art\/wp-content\/uploads\/2023\/05\/profile_IMG_20200203_151331349.jpg 460w, http:\/\/www.marynalavrenyuk.art\/wp-content\/uploads\/2023\/05\/profile_IMG_20200203_151331349-300x220.jpg 300w\" sizes=\"auto, (max-width: 460px) 100vw, 460px\" \/><\/figure>\n\n\n\n<p>Im Rahmen dieses Ferienkurses werden wir uns intensiv mit den Darstellungsm\u00f6glichkeiten von verschiedenen Tieren und fantastischen Wesen besch\u00e4ftigen. Wir lassen uns dabei von der Natur, den Fabeln, M\u00e4rchen und Mythen inspirieren.<\/p>\n\n\n\n<p>Verschiedene Zeichentechniken werden ge\u00fcbt: zum Beispiel mit Bleistift, Kreiden und Kohle. Au\u00dferdem werden wir mit Gouachefarben malen und kleine Plastiken aus Ton modellieren.<\/p>\n\n\n\n<p>Bei sch\u00f6nem Wetter soll an einem Tagen auch drau\u00dfen, auf dem Kinderbauernhof im nahe gelegenen G\u00f6rlitzer Park, &#8222;nach der Natur&#8220; gezeichnet werden.<\/p>\n\n\n\n<p>Kosten: 250 \u20ac inkl. Material &amp; Mittagessen<\/p>\n\n\n\n<p><strong>Infos und Anmeldung unter:  info.kunst.atelier@gmail.com<\/strong> oder \u00fcber kindaling.de<\/p>\n\n\n\n<p><a href=\"https:\/\/www.kindaling.de\/tagescamps-ohne-uebernachtung\/tiere-und-fabelwesen-art-camp-sommerferien\/berlin-kreuzberg\">Art Camp f\u00fcr Kinder von 6\u201312 Jahren in Berlin<\/a><\/p>\n\n\n\n<p><\/p>\n","protected":false},"excerpt":{"rendered":"<p>Programm in den Sommerferien 2026 Tiere und Fabelwesen &#8211; Art Camp Sommerferien 10.08.2026 &#8211; 14.08.2026 9:00 &#8211; 15:00 Im Rahmen dieses Ferienkurses werden wir uns intensiv mit den Darstellungsm\u00f6glichkeiten von verschiedenen Tieren und fantastischen Wesen besch\u00e4ftigen. Wir lassen uns dabei von der Natur, den Fabeln, M\u00e4rchen und Mythen inspirieren. Verschiedene Zeichentechniken werden ge\u00fcbt: zum Beispiel &hellip; <\/p>\n<p class=\"link-more\"><a href=\"http:\/\/www.marynalavrenyuk.art\/?page_id=92\" class=\"more-link\"><span class=\"screen-reader-text\">\u201eFerienkurse\u201c<\/span> weiterlesen<\/a><\/p>\n","protected":false},"author":2,"featured_media":0,"parent":0,"menu_order":0,"comment_status":"closed","ping_status":"closed","template":"","meta":{"footnotes":""},"class_list":["post-92","page","type-page","status-publish","hentry"],"_links":{"self":[{"href":"http:\/\/www.marynalavrenyuk.art\/index.php?rest_route=\/wp\/v2\/pages\/92","targetHints":{"allow":["GET"]}}],"collection":[{"href":"http:\/\/www.marynalavrenyuk.art\/index.php?rest_route=\/wp\/v2\/pages"}],"about":[{"href":"http:\/\/www.marynalavrenyuk.art\/index.php?rest_route=\/wp\/v2\/types\/page"}],"author":[{"embeddable":true,"href":"http:\/\/www.marynalavrenyuk.art\/index.php?rest_route=\/wp\/v2\/users\/2"}],"replies":[{"embeddable":true,"href":"http:\/\/www.marynalavrenyuk.art\/index.php?rest_route=%2Fwp%2Fv2%2Fcomments&post=92"}],"version-history":[{"count":44,"href":"http:\/\/www.marynalavrenyuk.art\/index.php?rest_route=\/wp\/v2\/pages\/92\/revisions"}],"predecessor-version":[{"id":1032,"href":"http:\/\/www.marynalavrenyuk.art\/index.php?rest_route=\/wp\/v2\/pages\/92\/revisions\/1032"}],"wp:attachment":[{"href":"http:\/\/www.marynalavrenyuk.art\/index.php?rest_route=%2Fwp%2Fv2%2Fmedia&parent=92"}],"curies":[{"name":"wp","href":"https:\/\/api.w.org\/{rel}","templated":true}]}}