{"id":479,"date":"2020-03-29T15:53:41","date_gmt":"2020-03-29T15:53:41","guid":{"rendered":"http:\/\/www.marynalavrenyuk.art\/?page_id=479"},"modified":"2024-05-20T16:16:11","modified_gmt":"2024-05-20T16:16:11","slug":"vergangene-ferienkurs","status":"publish","type":"page","link":"http:\/\/www.marynalavrenyuk.art\/?page_id=479","title":{"rendered":"Archiv der Ferienkurse \/ eine Auswahl"},"content":{"rendered":"\n<figure class=\"wp-block-image size-full is-style-default\"><img loading=\"lazy\" decoding=\"async\" width=\"572\" height=\"419\" src=\"http:\/\/www.marynalavrenyuk.art\/wp-content\/uploads\/2023\/05\/Screenshot-2023-05-06-at-18-46-42-Geschichten-in-Bildern-Kreativcamp-am-Nachmittag.png\" alt=\"\" class=\"wp-image-865\" srcset=\"http:\/\/www.marynalavrenyuk.art\/wp-content\/uploads\/2023\/05\/Screenshot-2023-05-06-at-18-46-42-Geschichten-in-Bildern-Kreativcamp-am-Nachmittag.png 572w, http:\/\/www.marynalavrenyuk.art\/wp-content\/uploads\/2023\/05\/Screenshot-2023-05-06-at-18-46-42-Geschichten-in-Bildern-Kreativcamp-am-Nachmittag-300x220.png 300w\" sizes=\"auto, (max-width: 572px) 100vw, 572px\" \/><\/figure>\n\n\n\n<p>25.03. -28.03.2024        13:00 &#8211; 16:00<\/p>\n\n\n\n<p>Eigene Geschichten erfinden und gestalten oder bereits existierende Erz\u00e4hlungen illustrieren lernen &#8211; in diesem Kreativworkhsop werden wir uns genau damit besch\u00e4ftigen.<\/p>\n\n\n\n<p>Ob Comic, Bilderbuch, Leporello, illustriertes Textbuch oder gr\u00f6\u00dfere Bild-Text Objekte, die Palette der M\u00f6glichkeiten ist bunt und jeder kann f\u00fcr sich etwas ansprechendes finden oder mehrere Sachen ausprobieren.<\/p>\n\n\n\n<p>Die Teilnehmenden erhalten eine Einf\u00fchrung in Zeichnen, Malen, Charakter-Design, Illustrationstechniken&nbsp; und Storytelling. Dabei werden auch Fertigkeiten in der Arbeit mit verschiedenen Materialien wie Kreiden, Kohle, Farben, Tusche u a. vermittelt bzw. vertieft.<\/p>\n\n\n\n<p><\/p>\n\n\n\n<hr class=\"wp-block-separator\"\/>\n\n\n\n<p>3. Tiere und Fabelwesen &#8211; Art Camp in den Sommerferien<\/p>\n\n\n\n<figure class=\"wp-block-image size-full is-style-default\"><img loading=\"lazy\" decoding=\"async\" width=\"460\" height=\"338\" src=\"http:\/\/www.marynalavrenyuk.art\/wp-content\/uploads\/2023\/05\/profile_IMG_20200203_151331349.jpg\" alt=\"\" class=\"wp-image-867\" srcset=\"http:\/\/www.marynalavrenyuk.art\/wp-content\/uploads\/2023\/05\/profile_IMG_20200203_151331349.jpg 460w, http:\/\/www.marynalavrenyuk.art\/wp-content\/uploads\/2023\/05\/profile_IMG_20200203_151331349-300x220.jpg 300w\" sizes=\"auto, (max-width: 460px) 100vw, 460px\" \/><\/figure>\n\n\n\n<p>02.04. &#8211; 05.04.2024      9:30 &#8211; 15:30<\/p>\n\n\n\n<p>Im Rahmen dieses Ferienkurses werden wir uns intensiv mit den Darstellungsm\u00f6glichkeiten von verschiedenen Tieren und fantastischen Wesen besch\u00e4ftigen. Wir lassen uns dabei von der Natur, von Fabeln, M\u00e4rchen und Mythen inspirieren. Verschiedene Zeichentechniken werden ge\u00fcbt: zum Beispiel mit Bleistift, Kreiden und Kohle. Au\u00dferdem werden wir mit Gouachefarben malen und kleine Plastiken aus Ton kreieren.<\/p>\n\n\n\n<p>Bei sch\u00f6nem Wetter soll an eingen Tagen auch drau\u00dfen, auf dem Kinderbauernhof im nahe gelegenen G\u00f6rlitzer Park &#8222;nach der Natur&#8220; gezeichnet werden.<\/p>\n\n\n\n<hr class=\"wp-block-separator\"\/>\n\n\n\n<h1 class=\"wp-block-heading\">Art Camp in den Sommerferien \/ Mosaik!<\/h1>\n\n\n\n<p>6 &#8211; 14 Jahre \/   11.07.2022 &#8211; 15.07.2022     9:00-12:00<\/p>\n\n\n\n<figure class=\"wp-block-image size-full is-style-default\"><img loading=\"lazy\" decoding=\"async\" width=\"460\" height=\"338\" src=\"http:\/\/www.marynalavrenyuk.art\/wp-content\/uploads\/2023\/02\/profile_IMG_20191020_175158408_2.jpg\" alt=\"\" class=\"wp-image-836\" srcset=\"http:\/\/www.marynalavrenyuk.art\/wp-content\/uploads\/2023\/02\/profile_IMG_20191020_175158408_2.jpg 460w, http:\/\/www.marynalavrenyuk.art\/wp-content\/uploads\/2023\/02\/profile_IMG_20191020_175158408_2-300x220.jpg 300w\" sizes=\"auto, (max-width: 460px) 100vw, 460px\" \/><\/figure>\n\n\n\n<p>Mosaik!<\/p>\n\n\n\n<p>\u00c4hnlich wie bei einem Puzzle entstehen Mosaikbilder aus unz\u00e4hligen Einzelst\u00fccken indem man Natur- oder Glassteine, Muscheln, Perlen, Kerne oder andere Materialien in kleiner Gr\u00f6\u00dfe aneinander f\u00fcgt.<\/p>\n\n\n\n<p>Geduld, Ausdauer und Feinmotorik werden beim Mosaiklegen besonders trainiert. In diesem Art Camp werden wir vor allem mit Glasmosaik arbeiten, welches an Holzunterlagen geklebt und sp\u00e4ter mit Gips verf\u00fcllt wird.<\/p>\n\n\n\n<p>Das Spielen mit den Formen und vorgefundenen Farbnuancen bereitet eben soviel Freude wie das Bewundern fertiger Werke.<\/p>\n\n\n\n<p>Vorkenntnisse sind nicht erforderlich. Jede\/r kann seinem Alter, Vorkenntnissen und Interessen entsprechend arbeiten und wird dabei qualifiziert kunstp\u00e4dagogisch begleitet und unterst\u00fctzt.<\/p>\n\n\n\n<hr class=\"wp-block-separator\"\/>\n\n\n\n<p>Sommerferien 2021<\/p>\n\n\n\n<p><strong>KreativCamp f\u00fcr Erstkl\u00e4sslerInnen: Gro\u00dfstadt &#8211; Dschungel &#8211; Abenteuer<\/strong><\/p>\n\n\n\n<p>5 &#8211; 8 Jahre \/ 09.08. &#8211; 13.08.2021 \/ 9:30 &#8211; 15:00<\/p>\n\n\n\n<figure class=\"wp-block-image size-medium is-style-default\"><img loading=\"lazy\" decoding=\"async\" width=\"300\" height=\"219\" src=\"http:\/\/www.marynalavrenyuk.art\/wp-content\/uploads\/2021\/07\/Screenshot-2021-07-12-235037-300x219.png\" alt=\"\" class=\"wp-image-699\" srcset=\"http:\/\/www.marynalavrenyuk.art\/wp-content\/uploads\/2021\/07\/Screenshot-2021-07-12-235037-300x219.png 300w, http:\/\/www.marynalavrenyuk.art\/wp-content\/uploads\/2021\/07\/Screenshot-2021-07-12-235037.png 603w\" sizes=\"auto, (max-width: 300px) 100vw, 300px\" \/><\/figure>\n\n\n\n<p>Dieser Workshop ist speziell f\u00fcr baldige Erstkl\u00e4sslerInnen konzipiert, die eine Woche l\u00e4nger als der Rest Sommerferien haben. Diese Woche m\u00f6chten wir gemeinsam kreativ gestalten.<\/p>\n\n\n\n<p>Auf dem Programm steht das zeichnerische Erforschen unserer Gro\u00dfstadtumgebung, erfinden und modellieren von fantastischen Tieren und Wesen. Zudem lassen wir sie in einer Bilderwelt, die von Motiven wilder Landschaften inspiriert ist, spannende Abenteuer erleben.<\/p>\n\n\n\n<p>Dabei betreiben wir Naturstudien: beobachten und zeichnen drau\u00dfen und Objekte im Atelier. Die so entstandenen Skizzen \u00fcbertragen wir sp\u00e4ter in Farbe auf neue Bildformate. Wir \u00fcben das dreidimensionale Gestalten indem wir unsere fantasievollen Wesen, nach Skizzieren und Entwerfen, in Ton modellieren.<\/p>\n\n\n\n<p>Um das Projekt abzurunden, stellen wir eine Kulisse f\u00fcr unsere bunte erfundene Welt her. Dabei wird mit Karton, Kleber, Scheren, Farben, Stiften, Stoffen etc. gearbeitet.<\/p>\n\n\n\n<p>Kosten: 190 \u20ac inkl. warmes Mittagessen und Material<\/p>\n\n\n\n<p>*** Alle Workshops finden unter Einhaltung der geltenden Hygienevorgaben statt. Diese k\u00f6nnen sich unter Umst\u00e4nden kurzfriestig \u00e4ndern. <\/p>\n\n\n\n<hr class=\"wp-block-separator\"\/>\n\n\n\n<p>Sommerferien 2021<\/p>\n\n\n\n<p><strong>KreativCamp: Menschen malen und zeichnen<\/strong><\/p>\n\n\n\n<p id=\"block-836ad715-0504-46a1-8187-9c52c5009e3e\">6 &#8211; 14 Jahre \/ 02.08. &#8211; 06.08.2021 \/ 9:00- 16:00<\/p>\n\n\n\n<figure class=\"wp-block-image is-style-default\" id=\"block-2cbae3d4-6fae-43e2-880c-47baad112f20\"><img decoding=\"async\" src=\"http:\/\/www.marynalavrenyuk.art\/wp-content\/uploads\/2021\/07\/Menschen-Sommer-2021-300x210.png\" alt=\"Dieses Bild hat ein leeres Alt-Attribut. Der Dateiname ist Menschen-Sommer-2021-300x210.png\"\/><\/figure>\n\n\n\n<p id=\"block-9d1e1b01-25c5-4ca0-bc2e-0fd476fb918b\">In diesem Workshop besch\u00e4ftigen wir uns intensiv damit, wie man Menschen bildlich darstellen kann.<br>Mit Bleistift, Kohle und Kreiden skizzieren und zeichnen wir zur \u00dcbung einzelne Ansichten: Ganzk\u00f6rper, Portrait oder Details. Dabei werden neben Zeichentechniken das Grundverst\u00e4ndsnis von Proportionen und Perspektive vermittelt. Ausgehend von den Skizzen k\u00f6nnen im Anschluss Bilder mit Farben gemalt werden. Wir schauen uns Beispiele f\u00fcr verschiedene Malans\u00e4tze aus der Kunstgeschichte an, trainieren den Umgang mit Farben sowie den Aufbau einer Bildkomposition.<br>In den Nachmittagsstunden gibt es Gelegenheit, an eigenen kreativen Vorhaben zu arbeiten, zu spielen oder zu lesen.<\/p>\n\n\n\n<hr class=\"wp-block-separator\"\/>\n\n\n\n<p>Herbstferien 2020<\/p>\n\n\n\n<p><strong>Masken- und Kost\u00fcmwerkstatt in den Herbstferien<\/strong><\/p>\n\n\n\n<p>12.04. &#8211; 16.10.2020 &#8230;&#8230;&#8230;&#8230;&#8230;&#8230;&#8230; 9:00 &#8211; 16:00<\/p>\n\n\n\n<figure class=\"wp-block-image size-medium is-resized is-style-default\"><img loading=\"lazy\" decoding=\"async\" src=\"http:\/\/www.marynalavrenyuk.art\/wp-content\/uploads\/2020\/09\/masken-kurs-bild-web-300x245.jpg\" alt=\"\" class=\"wp-image-536\" width=\"400\" height=\"300\"\/><\/figure>\n\n\n\n<p class=\"has-text-align-left\">Der Begriff &#8222;Maske&#8220; wird in den letzten Monaten zunehmend mit einem assoziiert &#8211; mit Covid-19, als Mund-Nase-Schutz.<\/p>\n\n\n\n<p>In diesem Ferienworkshop wollen wir uns aber mit der urspr\u00fcnglichen Bedeutung von Masken besch\u00e4ftigen.<\/p>\n\n\n\n<p>Ob Theater, Fashing, Superhelden, Ritual oder Berufsausr\u00fcstung &#8211; jeder kann f\u00fcr sich ein spannendes Feld entdecken. Da zu einer Maske oft auch ein spezielles Kost\u00fcm geh\u00f6rt, nehmen wir uns auch sie vor.<\/p>\n\n\n\n<p>Die manigfaltigen Gestaltungsm\u00f6glichkeiten und praktische Arbeit mit diversen Materielien stehen dabei im Vordergrund. Die Kinder lernen eigene Ideen zu entwickeln und diese unter fachkundiger Anleitung umzusetzen. Grundfertigkeiten im Skizzieren, Malen, Zeichnen, N\u00e4hen, Modellieren und verschiedenen Basteltechniken werden vermittelt.<\/p>\n\n\n\n<p>In den Vormittagen arbeiten wir immer an dem Workshopthema, in den Nachmittagstunden bekommen die Kinder Gelegenheit, sich frei kreativ zu besch\u00e4ftigen.<\/p>\n\n\n\n<hr class=\"wp-block-separator\"\/>\n\n\n\n<p>Ferienkurs Winterferien 2020<\/p>\n\n\n\n<figure class=\"wp-block-image size-medium\"><img loading=\"lazy\" decoding=\"async\" width=\"300\" height=\"220\" src=\"http:\/\/www.marynalavrenyuk.art\/wp-content\/uploads\/2020\/01\/profile_IMG_20200111_200827293_3-300x220.jpg\" alt=\"\" class=\"wp-image-361\" srcset=\"http:\/\/www.marynalavrenyuk.art\/wp-content\/uploads\/2020\/01\/profile_IMG_20200111_200827293_3-300x220.jpg 300w, http:\/\/www.marynalavrenyuk.art\/wp-content\/uploads\/2020\/01\/profile_IMG_20200111_200827293_3.jpg 460w\" sizes=\"auto, (max-width: 300px) 100vw, 300px\" \/><figcaption>Farbklang. Maleri und Musik<\/figcaption><\/figure>\n\n\n\n<p><strong>Farbklang. Malerei und Musik.<\/strong><br>Rhythmus, Komposition, Ton &#8211;<br> diese und viele andere Begriffe sind sowohl f\u00fcr die Musik als auch f\u00fcr die Malerei wichtig.<br>\n Den Gemeinsamkeiten und Unterschieden in der Kreation und Wahrnehmung  \nvon Musik und bildender Kunst wollen wir in diesem Kreativcamp in den  \nWinterferien auf die Spur kommen.<br> Wie haben Maler Musik dargestellt, k\u00f6nnen Bilder musikalisch sein? Farbklang und Klangfarbe, was ist damit gemeint?<br>\n Durch experinetelle Plaxis mit Kl\u00e4ngen, Farben, Stiften und anderen  \nMaterielien zus\u00e4tzlich kleiner Einblicke in die Kunstgeschichte, suchen \n wir nach Antworten auf diese Fragen.<br> Im Rahmen vom Workshop besuchen wir das Musikinstrumentenmuseum und vielleicht ein kleines Konzert.<br> Es sind keine Vorkenntnisse, weder in Musik noch in Kunst, notwendig.<br> Die Kinder bekommen t\u00e4glich ein frisch zubereitetes, warmes vegetarisches Mittagessen.<br>3.2.2020 &#8211; 07.02.2020<br>Mo-Fr       9:00 &#8211; 16:00<\/p>\n\n\n\n<p><br><\/p>\n","protected":false},"excerpt":{"rendered":"<p>25.03. -28.03.2024 13:00 &#8211; 16:00 Eigene Geschichten erfinden und gestalten oder bereits existierende Erz\u00e4hlungen illustrieren lernen &#8211; in diesem Kreativworkhsop werden wir uns genau damit besch\u00e4ftigen. Ob Comic, Bilderbuch, Leporello, illustriertes Textbuch oder gr\u00f6\u00dfere Bild-Text Objekte, die Palette der M\u00f6glichkeiten ist bunt und jeder kann f\u00fcr sich etwas ansprechendes finden oder mehrere Sachen ausprobieren. Die &hellip; <\/p>\n<p class=\"link-more\"><a href=\"http:\/\/www.marynalavrenyuk.art\/?page_id=479\" class=\"more-link\"><span class=\"screen-reader-text\">\u201eArchiv der Ferienkurse \/ eine Auswahl\u201c<\/span> weiterlesen<\/a><\/p>\n","protected":false},"author":2,"featured_media":0,"parent":0,"menu_order":0,"comment_status":"closed","ping_status":"closed","template":"","meta":{"footnotes":""},"class_list":["post-479","page","type-page","status-publish","hentry"],"_links":{"self":[{"href":"http:\/\/www.marynalavrenyuk.art\/index.php?rest_route=\/wp\/v2\/pages\/479","targetHints":{"allow":["GET"]}}],"collection":[{"href":"http:\/\/www.marynalavrenyuk.art\/index.php?rest_route=\/wp\/v2\/pages"}],"about":[{"href":"http:\/\/www.marynalavrenyuk.art\/index.php?rest_route=\/wp\/v2\/types\/page"}],"author":[{"embeddable":true,"href":"http:\/\/www.marynalavrenyuk.art\/index.php?rest_route=\/wp\/v2\/users\/2"}],"replies":[{"embeddable":true,"href":"http:\/\/www.marynalavrenyuk.art\/index.php?rest_route=%2Fwp%2Fv2%2Fcomments&post=479"}],"version-history":[{"count":11,"href":"http:\/\/www.marynalavrenyuk.art\/index.php?rest_route=\/wp\/v2\/pages\/479\/revisions"}],"predecessor-version":[{"id":892,"href":"http:\/\/www.marynalavrenyuk.art\/index.php?rest_route=\/wp\/v2\/pages\/479\/revisions\/892"}],"wp:attachment":[{"href":"http:\/\/www.marynalavrenyuk.art\/index.php?rest_route=%2Fwp%2Fv2%2Fmedia&parent=479"}],"curies":[{"name":"wp","href":"https:\/\/api.w.org\/{rel}","templated":true}]}}