{"id":282,"date":"2019-10-29T23:05:29","date_gmt":"2019-10-29T23:05:29","guid":{"rendered":"http:\/\/www.marynalavrenyuk.art\/?page_id=282"},"modified":"2021-12-27T22:50:35","modified_gmt":"2021-12-27T22:50:35","slug":"beispielhafter-ablauf-einer-kunsttherapiestunde","status":"publish","type":"page","link":"http:\/\/www.marynalavrenyuk.art\/?page_id=282","title":{"rendered":"Ablauf"},"content":{"rendered":"\n<figure class=\"wp-block-image size-large is-style-default\"><img loading=\"lazy\" decoding=\"async\" width=\"1024\" height=\"683\" src=\"http:\/\/www.marynalavrenyuk.art\/wp-content\/uploads\/2021\/12\/P2-1024x683.jpg\" alt=\"\" class=\"wp-image-760\" srcset=\"http:\/\/www.marynalavrenyuk.art\/wp-content\/uploads\/2021\/12\/P2-1024x683.jpg 1024w, http:\/\/www.marynalavrenyuk.art\/wp-content\/uploads\/2021\/12\/P2-300x200.jpg 300w, http:\/\/www.marynalavrenyuk.art\/wp-content\/uploads\/2021\/12\/P2-768x512.jpg 768w, http:\/\/www.marynalavrenyuk.art\/wp-content\/uploads\/2021\/12\/P2.jpg 1200w\" sizes=\"auto, (max-width: 706px) 89vw, (max-width: 767px) 82vw, 740px\" \/><\/figure>\n\n\n\n<p><strong>Beispielhafter Ablauf einer Kunsttherapiestunde<\/strong> <\/p>\n\n\n\n<p>Nachdem bei einem ersten Treffen die Therapiethemen und  -Ziele besprochen und ein zeitlicher Rahmen vereinbart wurde,  kann die praktische k\u00fcnstlerisch-kreative  Phase beginnen.<\/p>\n\n\n\n<p>Eine kunsttherapeutische Einheit dauert in der Regel 45 bis 90 Minuten und ist wie folgt strukturiert:<\/p>\n\n\n\n<p>Am Anfang bekommt der Klient\/die Klientin die M\u00f6glichkeit sein\/ ihr Anliegenin einem Gespr\u00e4ch zu schildern oder verbal anzudeuten. Im Anschluss kommt der k\u00fcnstlerisch-therapeutische Arbeitsabschnitt. Ein Arbeitsvorschlag, was das Material, Vorgehensweise, Dauer des Arbeitsprozesses angeht, kommt am Anfang in der Regel vom Therapeuten.  Die Bed\u00fcrfnisse und Interessen des Klienten\/der Klientin stehen dennoch im Vordergrund.<\/p>\n\n\n\n<p>Am Ende werden die entstandenen Arbeitsergebnisse gemeinsam angeschaut, besprochen, analysiert und eventuell Planungen f\u00fcr die n\u00e4chste kunsttherapeutische Sitzung vorgenommen oder auch Vereinbarungen zum Vorgehen bis zum n\u00e4chsten Treffen getroffen (Hausaufgabe).  <\/p>\n","protected":false},"excerpt":{"rendered":"<p>Beispielhafter Ablauf einer Kunsttherapiestunde Nachdem bei einem ersten Treffen die Therapiethemen und -Ziele besprochen und ein zeitlicher Rahmen vereinbart wurde, kann die praktische k\u00fcnstlerisch-kreative Phase beginnen. Eine kunsttherapeutische Einheit dauert in der Regel 45 bis 90 Minuten und ist wie folgt strukturiert: Am Anfang bekommt der Klient\/die Klientin die M\u00f6glichkeit sein\/ ihr Anliegenin einem Gespr\u00e4ch &hellip; <\/p>\n<p class=\"link-more\"><a href=\"http:\/\/www.marynalavrenyuk.art\/?page_id=282\" class=\"more-link\"><span class=\"screen-reader-text\">\u201eAblauf\u201c<\/span> weiterlesen<\/a><\/p>\n","protected":false},"author":2,"featured_media":0,"parent":0,"menu_order":0,"comment_status":"closed","ping_status":"closed","template":"","meta":{"footnotes":""},"class_list":["post-282","page","type-page","status-publish","hentry"],"_links":{"self":[{"href":"http:\/\/www.marynalavrenyuk.art\/index.php?rest_route=\/wp\/v2\/pages\/282","targetHints":{"allow":["GET"]}}],"collection":[{"href":"http:\/\/www.marynalavrenyuk.art\/index.php?rest_route=\/wp\/v2\/pages"}],"about":[{"href":"http:\/\/www.marynalavrenyuk.art\/index.php?rest_route=\/wp\/v2\/types\/page"}],"author":[{"embeddable":true,"href":"http:\/\/www.marynalavrenyuk.art\/index.php?rest_route=\/wp\/v2\/users\/2"}],"replies":[{"embeddable":true,"href":"http:\/\/www.marynalavrenyuk.art\/index.php?rest_route=%2Fwp%2Fv2%2Fcomments&post=282"}],"version-history":[{"count":10,"href":"http:\/\/www.marynalavrenyuk.art\/index.php?rest_route=\/wp\/v2\/pages\/282\/revisions"}],"predecessor-version":[{"id":761,"href":"http:\/\/www.marynalavrenyuk.art\/index.php?rest_route=\/wp\/v2\/pages\/282\/revisions\/761"}],"wp:attachment":[{"href":"http:\/\/www.marynalavrenyuk.art\/index.php?rest_route=%2Fwp%2Fv2%2Fmedia&parent=282"}],"curies":[{"name":"wp","href":"https:\/\/api.w.org\/{rel}","templated":true}]}}