{"id":274,"date":"2019-10-29T22:51:59","date_gmt":"2019-10-29T22:51:59","guid":{"rendered":"http:\/\/www.marynalavrenyuk.art\/?page_id=274"},"modified":"2020-02-05T21:59:44","modified_gmt":"2020-02-05T21:59:44","slug":"kreativworkshops-intensiv-am-sonntag","status":"publish","type":"page","link":"http:\/\/www.marynalavrenyuk.art\/?page_id=274","title":{"rendered":"Kreativ am Sonntag &#8211; Intensivworkshops"},"content":{"rendered":"\n<figure class=\"wp-block-image\"><img loading=\"lazy\" decoding=\"async\" width=\"1024\" height=\"770\" src=\"http:\/\/pictomal.de\/lavrenyuk\/wp-content\/uploads\/2019\/10\/IMG_20191018_1317479693-1024x770.jpg\" alt=\"\" class=\"wp-image-275\" srcset=\"http:\/\/www.marynalavrenyuk.art\/wp-content\/uploads\/2019\/10\/IMG_20191018_1317479693-1024x770.jpg 1024w, http:\/\/www.marynalavrenyuk.art\/wp-content\/uploads\/2019\/10\/IMG_20191018_1317479693-300x226.jpg 300w, http:\/\/www.marynalavrenyuk.art\/wp-content\/uploads\/2019\/10\/IMG_20191018_1317479693-768x578.jpg 768w\" sizes=\"auto, (max-width: 706px) 89vw, (max-width: 767px) 82vw, 740px\" \/><\/figure>\n\n\n\n<p>An Sonntagen bekommen Kinder in unseren gem\u00fctlichen \nAtelierr\u00e4umen die M\u00f6glichkeit, sich intensiv mit einem Thema, Medium \noder k\u00fcnstlerischer Technik zu besch\u00e4ftigen. Jede\/r kann seinem Alter, \nVorkenntnissen und Interessen entsprechend arbeiten und wird dabei \nqualifiziert kunstp\u00e4dagogisch begleitet.<\/p>\n\n\n\n<p>Themen   und Termine  f\u00fcr  <strong>Februar &#8211; M\u00e4rz 2020<\/strong>   <\/p>\n\n\n\n<p>Sonntag 10:13 &#8211; 13:00<\/p>\n\n\n\n<p><\/p>\n\n\n\n<p>09.02       Druck und Stempel<\/p>\n\n\n\n<p>23.02       Illustration<\/p>\n\n\n\n<p>01.03      Malerei  <\/p>\n\n\n\n<p>15.03.     Zeichnung und Grafik<\/p>\n\n\n\n<p>22.03.     Plastisches Gestalten<\/p>\n\n\n\n<p>29.03.     Mosaik<\/p>\n\n\n\n<p><\/p>\n\n\n\n<p><\/p>\n\n\n\n<p>Teilnehmerbeitrag   25\u20ac pro Termin inkl. Material<\/p>\n\n\n\n<p>Weitere Infos und Anmeldung unter   <strong> info.kunst.atelier@gmail.com<\/strong><\/p>\n","protected":false},"excerpt":{"rendered":"<p>An Sonntagen bekommen Kinder in unseren gem\u00fctlichen Atelierr\u00e4umen die M\u00f6glichkeit, sich intensiv mit einem Thema, Medium oder k\u00fcnstlerischer Technik zu besch\u00e4ftigen. Jede\/r kann seinem Alter, Vorkenntnissen und Interessen entsprechend arbeiten und wird dabei qualifiziert kunstp\u00e4dagogisch begleitet. Themen und Termine f\u00fcr Februar &#8211; M\u00e4rz 2020 Sonntag 10:13 &#8211; 13:00 09.02 Druck und Stempel 23.02 Illustration 01.03 &hellip; <\/p>\n<p class=\"link-more\"><a href=\"http:\/\/www.marynalavrenyuk.art\/?page_id=274\" class=\"more-link\"><span class=\"screen-reader-text\">\u201eKreativ am Sonntag &#8211; Intensivworkshops\u201c<\/span> weiterlesen<\/a><\/p>\n","protected":false},"author":2,"featured_media":0,"parent":0,"menu_order":0,"comment_status":"closed","ping_status":"closed","template":"","meta":{"footnotes":""},"class_list":["post-274","page","type-page","status-publish","hentry"],"_links":{"self":[{"href":"http:\/\/www.marynalavrenyuk.art\/index.php?rest_route=\/wp\/v2\/pages\/274","targetHints":{"allow":["GET"]}}],"collection":[{"href":"http:\/\/www.marynalavrenyuk.art\/index.php?rest_route=\/wp\/v2\/pages"}],"about":[{"href":"http:\/\/www.marynalavrenyuk.art\/index.php?rest_route=\/wp\/v2\/types\/page"}],"author":[{"embeddable":true,"href":"http:\/\/www.marynalavrenyuk.art\/index.php?rest_route=\/wp\/v2\/users\/2"}],"replies":[{"embeddable":true,"href":"http:\/\/www.marynalavrenyuk.art\/index.php?rest_route=%2Fwp%2Fv2%2Fcomments&post=274"}],"version-history":[{"count":8,"href":"http:\/\/www.marynalavrenyuk.art\/index.php?rest_route=\/wp\/v2\/pages\/274\/revisions"}],"predecessor-version":[{"id":458,"href":"http:\/\/www.marynalavrenyuk.art\/index.php?rest_route=\/wp\/v2\/pages\/274\/revisions\/458"}],"wp:attachment":[{"href":"http:\/\/www.marynalavrenyuk.art\/index.php?rest_route=%2Fwp%2Fv2%2Fmedia&parent=274"}],"curies":[{"name":"wp","href":"https:\/\/api.w.org\/{rel}","templated":true}]}}