{"id":247,"date":"2019-10-26T21:26:46","date_gmt":"2019-10-26T21:26:46","guid":{"rendered":"http:\/\/www.marynalavrenyuk.art\/?page_id=247"},"modified":"2024-09-15T20:16:00","modified_gmt":"2024-09-15T20:16:00","slug":"angebote-fuer-kinder-und-jugendliche","status":"publish","type":"page","link":"http:\/\/www.marynalavrenyuk.art\/?page_id=247","title":{"rendered":"Angebote f\u00fcr Kinder und Jugendliche"},"content":{"rendered":"\n<div class=\"wp-block-group\"><div class=\"wp-block-group__inner-container is-layout-flow wp-block-group-is-layout-flow\">\n<figure class=\"wp-block-gallery columns-3 is-cropped wp-block-gallery-1 is-layout-flex wp-block-gallery-is-layout-flex\"><ul class=\"blocks-gallery-grid\"><li class=\"blocks-gallery-item\"><figure><img loading=\"lazy\" decoding=\"async\" width=\"1024\" height=\"746\" src=\"http:\/\/www.marynalavrenyuk.art\/wp-content\/uploads\/2021\/04\/malkurs-kinder-xs-1024x746.jpg\" alt=\"\" data-id=\"684\" data-full-url=\"http:\/\/www.marynalavrenyuk.art\/wp-content\/uploads\/2021\/04\/malkurs-kinder-xs.jpg\" data-link=\"http:\/\/www.marynalavrenyuk.art\/?attachment_id=684\" class=\"wp-image-684\" srcset=\"http:\/\/www.marynalavrenyuk.art\/wp-content\/uploads\/2021\/04\/malkurs-kinder-xs-1024x746.jpg 1024w, http:\/\/www.marynalavrenyuk.art\/wp-content\/uploads\/2021\/04\/malkurs-kinder-xs-300x219.jpg 300w, http:\/\/www.marynalavrenyuk.art\/wp-content\/uploads\/2021\/04\/malkurs-kinder-xs-768x560.jpg 768w, http:\/\/www.marynalavrenyuk.art\/wp-content\/uploads\/2021\/04\/malkurs-kinder-xs.jpg 1070w\" sizes=\"auto, (max-width: 706px) 89vw, (max-width: 767px) 82vw, 740px\" \/><\/figure><\/li><li class=\"blocks-gallery-item\"><figure><img loading=\"lazy\" decoding=\"async\" width=\"460\" height=\"338\" src=\"http:\/\/www.marynalavrenyuk.art\/wp-content\/uploads\/2019\/10\/profile_kk1a.jpg\" alt=\"\" data-id=\"239\" data-full-url=\"http:\/\/www.marynalavrenyuk.art\/wp-content\/uploads\/2019\/10\/profile_kk1a.jpg\" data-link=\"http:\/\/www.marynalavrenyuk.art\/?attachment_id=239\" class=\"wp-image-239\" srcset=\"http:\/\/www.marynalavrenyuk.art\/wp-content\/uploads\/2019\/10\/profile_kk1a.jpg 460w, http:\/\/www.marynalavrenyuk.art\/wp-content\/uploads\/2019\/10\/profile_kk1a-300x220.jpg 300w\" sizes=\"auto, (max-width: 460px) 100vw, 460px\" \/><\/figure><\/li><li class=\"blocks-gallery-item\"><figure><img loading=\"lazy\" decoding=\"async\" width=\"1024\" height=\"770\" src=\"http:\/\/www.marynalavrenyuk.art\/wp-content\/uploads\/2019\/10\/IMG_20191018_1317479693-1024x770.jpg\" alt=\"\" data-id=\"275\" data-full-url=\"http:\/\/www.marynalavrenyuk.art\/wp-content\/uploads\/2019\/10\/IMG_20191018_1317479693.jpg\" data-link=\"http:\/\/www.marynalavrenyuk.art\/?attachment_id=275\" class=\"wp-image-275\" srcset=\"http:\/\/www.marynalavrenyuk.art\/wp-content\/uploads\/2019\/10\/IMG_20191018_1317479693-1024x770.jpg 1024w, http:\/\/www.marynalavrenyuk.art\/wp-content\/uploads\/2019\/10\/IMG_20191018_1317479693-300x226.jpg 300w, http:\/\/www.marynalavrenyuk.art\/wp-content\/uploads\/2019\/10\/IMG_20191018_1317479693-768x578.jpg 768w\" sizes=\"auto, (max-width: 706px) 89vw, (max-width: 767px) 82vw, 740px\" \/><\/figure><\/li><\/ul><\/figure>\n<\/div><\/div>\n\n\n\n<p><a href=\"http:\/\/www.marynalavrenyuk.art\/?page_id=243(\u00f6ffnet in neuem Tab)\">Malkurs f\u00fcr 3-6-j\u00e4hrige<\/a><\/p>\n\n\n\n<p><a href=\"http:\/\/www.marynalavrenyuk.art\/?page_id=269(\u00f6ffnet in neuem Tab)\">Malkurs f\u00fcr 6-12-j\u00e4hrige<\/a><\/p>\n\n\n\n<p><a href=\"http:\/\/www.marynalavrenyuk.art\/?page_id=907\" data-type=\"URL\" data-id=\"http:\/\/www.marynalavrenyuk.art\/?page_id=907\">Malkurse f\u00fcr Jugendliche<\/a><\/p>\n\n\n\n<p><a href=\"http:\/\/www.marynalavrenyuk.art\/?page_id=92\">Ferienworkshops<\/a><\/p>\n\n\n\n<p><a href=\"http:\/\/www.marynalavrenyuk.art\/?page_id=479\">Archiv der Ferienkurse<\/a><\/p>\n\n\n\n<p>Die Kursangebote sind zum Teil auch auf folgenden Plattformen zu finden:<\/p>\n\n\n\n<div class=\"wp-block-image\"><figure class=\"alignleft is-resized\"><a href=\"https:\/\/www.kindaling.de\/\" target=\"_blank\" rel=\"noreferrer noopener\"><img loading=\"lazy\" decoding=\"async\" src=\"http:\/\/pictomal.de\/lavrenyuk\/wp-content\/uploads\/2019\/11\/Kindaling-logo-300x72.png\" alt=\"\" class=\"wp-image-333\" width=\"250\" height=\"60\" srcset=\"http:\/\/www.marynalavrenyuk.art\/wp-content\/uploads\/2019\/11\/Kindaling-logo-300x72.png 300w, http:\/\/www.marynalavrenyuk.art\/wp-content\/uploads\/2019\/11\/Kindaling-logo.png 627w\" sizes=\"auto, (max-width: 250px) 100vw, 250px\" \/><\/a><figcaption>Freizeitaktivit\u00e4ten mit Kind in Berlin<br><\/figcaption><\/figure><\/div>\n\n\n\n<figure class=\"wp-block-image is-resized\"><a href=\"https:\/\/www.kubinaut.de\/de\/profile\/personen\/pictomal\/\" target=\"_blank\" rel=\"noreferrer noopener\"><img loading=\"lazy\" decoding=\"async\" src=\"http:\/\/pictomal.de\/lavrenyuk\/wp-content\/uploads\/2019\/11\/Kubi-logo1-300x76.jpg\" alt=\"\" class=\"wp-image-342\" width=\"250\" height=\"60\"\/><\/a><figcaption>Navigation Kulturelle Bildung<\/figcaption><\/figure>\n\n\n\n<p> <\/p>\n","protected":false},"excerpt":{"rendered":"<p>Malkurs f\u00fcr 3-6-j\u00e4hrige Malkurs f\u00fcr 6-12-j\u00e4hrige Malkurse f\u00fcr Jugendliche Ferienworkshops Archiv der Ferienkurse Die Kursangebote sind zum Teil auch auf folgenden Plattformen zu finden:<\/p>\n","protected":false},"author":2,"featured_media":0,"parent":0,"menu_order":0,"comment_status":"closed","ping_status":"closed","template":"","meta":{"footnotes":""},"class_list":["post-247","page","type-page","status-publish","hentry"],"_links":{"self":[{"href":"http:\/\/www.marynalavrenyuk.art\/index.php?rest_route=\/wp\/v2\/pages\/247","targetHints":{"allow":["GET"]}}],"collection":[{"href":"http:\/\/www.marynalavrenyuk.art\/index.php?rest_route=\/wp\/v2\/pages"}],"about":[{"href":"http:\/\/www.marynalavrenyuk.art\/index.php?rest_route=\/wp\/v2\/types\/page"}],"author":[{"embeddable":true,"href":"http:\/\/www.marynalavrenyuk.art\/index.php?rest_route=\/wp\/v2\/users\/2"}],"replies":[{"embeddable":true,"href":"http:\/\/www.marynalavrenyuk.art\/index.php?rest_route=%2Fwp%2Fv2%2Fcomments&post=247"}],"version-history":[{"count":27,"href":"http:\/\/www.marynalavrenyuk.art\/index.php?rest_route=\/wp\/v2\/pages\/247\/revisions"}],"predecessor-version":[{"id":914,"href":"http:\/\/www.marynalavrenyuk.art\/index.php?rest_route=\/wp\/v2\/pages\/247\/revisions\/914"}],"wp:attachment":[{"href":"http:\/\/www.marynalavrenyuk.art\/index.php?rest_route=%2Fwp%2Fv2%2Fmedia&parent=247"}],"curies":[{"name":"wp","href":"https:\/\/api.w.org\/{rel}","templated":true}]}}