{"id":186,"date":"2019-02-26T23:17:38","date_gmt":"2019-02-26T23:17:38","guid":{"rendered":"http:\/\/www.marynalavrenyuk.art\/?page_id=186"},"modified":"2020-12-08T08:53:46","modified_gmt":"2020-12-08T08:53:46","slug":"studio","status":"publish","type":"page","link":"http:\/\/www.marynalavrenyuk.art\/?page_id=186","title":{"rendered":"Atelier"},"content":{"rendered":"<p>Die Atelierr\u00e4ume befinden sich in der G\u00f6rlitezr Str. 61,\u00a0 im Berlin Kreuzberg direkt\u00a0 gegen\u00fcber vom G\u00f6rlitzer Park.<\/p>\n<p>Im gem\u00fctlichen Altbauambiente findet man gen\u00fcgend Platz zum Arbeiten,\u00a0 f\u00fcr Kunstunterricht\u00a0 sowie kleine Veranstaltungen.<\/p>\n\n\n<figure class=\"wp-block-image size-large\"><img loading=\"lazy\" decoding=\"async\" width=\"768\" height=\"579\" src=\"http:\/\/www.marynalavrenyuk.art\/wp-content\/uploads\/2020\/12\/atelier1a.jpg\" alt=\"\" class=\"wp-image-559\" srcset=\"http:\/\/www.marynalavrenyuk.art\/wp-content\/uploads\/2020\/12\/atelier1a.jpg 768w, http:\/\/www.marynalavrenyuk.art\/wp-content\/uploads\/2020\/12\/atelier1a-300x226.jpg 300w\" sizes=\"auto, (max-width: 706px) 89vw, (max-width: 767px) 82vw, 740px\" \/><\/figure>\n\n\n\n<p>Die R\u00e4ume sind Ausgestattet mit Staffeleien,  Arbeitsm\u00f6bel,  jeglichem K\u00fcnstlerbedarf und  Material und nat\u00fcrlich  mit K\u00fcche und Bad.<\/p>\n\n\n\n<p>Vorderhaus Souterrain, nicht berrierefrei<\/p>\n\n\n\n<p><a href=\"http:\/\/www.marynalavrenyuk.art\/?page_id=156\">Aktuelle Kursangebote<\/a><\/p>\n\n\n\n<p><\/p>\n","protected":false},"excerpt":{"rendered":"<p>Die Atelierr\u00e4ume befinden sich in der G\u00f6rlitezr Str. 61,\u00a0 im Berlin Kreuzberg direkt\u00a0 gegen\u00fcber vom G\u00f6rlitzer Park. Im gem\u00fctlichen Altbauambiente findet man gen\u00fcgend Platz zum Arbeiten,\u00a0 f\u00fcr Kunstunterricht\u00a0 sowie kleine Veranstaltungen. Die R\u00e4ume sind Ausgestattet mit Staffeleien, Arbeitsm\u00f6bel, jeglichem K\u00fcnstlerbedarf und Material und nat\u00fcrlich mit K\u00fcche und Bad. Vorderhaus Souterrain, nicht berrierefrei Aktuelle Kursangebote<\/p>\n","protected":false},"author":2,"featured_media":0,"parent":0,"menu_order":0,"comment_status":"closed","ping_status":"closed","template":"","meta":{"footnotes":""},"class_list":["post-186","page","type-page","status-publish","hentry"],"_links":{"self":[{"href":"http:\/\/www.marynalavrenyuk.art\/index.php?rest_route=\/wp\/v2\/pages\/186","targetHints":{"allow":["GET"]}}],"collection":[{"href":"http:\/\/www.marynalavrenyuk.art\/index.php?rest_route=\/wp\/v2\/pages"}],"about":[{"href":"http:\/\/www.marynalavrenyuk.art\/index.php?rest_route=\/wp\/v2\/types\/page"}],"author":[{"embeddable":true,"href":"http:\/\/www.marynalavrenyuk.art\/index.php?rest_route=\/wp\/v2\/users\/2"}],"replies":[{"embeddable":true,"href":"http:\/\/www.marynalavrenyuk.art\/index.php?rest_route=%2Fwp%2Fv2%2Fcomments&post=186"}],"version-history":[{"count":11,"href":"http:\/\/www.marynalavrenyuk.art\/index.php?rest_route=\/wp\/v2\/pages\/186\/revisions"}],"predecessor-version":[{"id":560,"href":"http:\/\/www.marynalavrenyuk.art\/index.php?rest_route=\/wp\/v2\/pages\/186\/revisions\/560"}],"wp:attachment":[{"href":"http:\/\/www.marynalavrenyuk.art\/index.php?rest_route=%2Fwp%2Fv2%2Fmedia&parent=186"}],"curies":[{"name":"wp","href":"https:\/\/api.w.org\/{rel}","templated":true}]}}