{"id":153,"date":"2019-02-26T23:03:49","date_gmt":"2019-02-26T23:03:49","guid":{"rendered":"http:\/\/www.marynalavrenyuk.art\/?page_id=153"},"modified":"2021-12-27T22:58:24","modified_gmt":"2021-12-27T22:58:24","slug":"art-therapy","status":"publish","type":"page","link":"http:\/\/www.marynalavrenyuk.art\/?page_id=153","title":{"rendered":"Kunsttherapie"},"content":{"rendered":"\n<figure class=\"wp-block-image size-large is-style-default\"><img loading=\"lazy\" decoding=\"async\" width=\"1024\" height=\"683\" src=\"http:\/\/www.marynalavrenyuk.art\/wp-content\/uploads\/2021\/12\/P3-1024x683.jpg\" alt=\"\" class=\"wp-image-762\" srcset=\"http:\/\/www.marynalavrenyuk.art\/wp-content\/uploads\/2021\/12\/P3-1024x683.jpg 1024w, http:\/\/www.marynalavrenyuk.art\/wp-content\/uploads\/2021\/12\/P3-300x200.jpg 300w, http:\/\/www.marynalavrenyuk.art\/wp-content\/uploads\/2021\/12\/P3-768x512.jpg 768w, http:\/\/www.marynalavrenyuk.art\/wp-content\/uploads\/2021\/12\/P3.jpg 1426w\" sizes=\"auto, (max-width: 706px) 89vw, (max-width: 767px) 82vw, 740px\" \/><\/figure>\n\n\n\n<p>Die Kunst- und Kreativit\u00e4tstherapie als annerkannte Therapieform existiert seit dem  20. Jahrhundert und geh\u00f6rt  zu j\u00fcngeren therapeutischen Disziplinen.<\/p>\n\n\n\n<p>Heutzutage findet sie im klinischen Bereich, in der p\u00e4dagogischen und heilp\u00e4dagogischen Arbeit, im sozialen sowie psychotherapeutischen Bereich Anwendung.  Viele kunsttherapeutische Ans\u00e4tze zeigen nachweisbar Wirkung und erzielen positive Ver\u00e4nderungen im Wohlbefinden von Menschen. Dabei wird immer ressourcenorientiert gearbeitet.<\/p>\n\n\n\n<p><strong>Das Besondere an der Kunsttherapie<\/strong><\/p>\n\n\n\n<ul class=\"wp-block-list\"><li> sie ist in erster Linie nonverbal &#8211; Ausdruck von Emotionen, Gef\u00fchlen, Sorgen erfolgt durch die Arbeit mit dem Material (Farben, Papier, Ton, Stifte, Kreiden etc).<\/li><li>allgemein kreativit\u00e4tsf\u00f6rdernd<\/li><li>beim kunsttherapeutischen Arbeiten, werden auch k\u00fcnstlerisch-handwerkliche Fertigkeiten geschult und gef\u00f6rdert. Wobei es ausdr\u00fccklich nicht um Produktion von Kunstwerken geht<\/li><li>es sind keinerlei Erfahrungen mit k\u00fcnstlerischen Techniken notwendig<\/li><\/ul>\n\n\n\n<p><strong><a href=\"http:\/\/www.marynalavrenyuk.art\/?page_id=288\">M\u00f6gliche Anwendungsbereiche der Kunsttherapie<\/a><\/strong><\/p>\n\n\n\n<p><strong><a href=\"http:\/\/www.marynalavrenyuk.art\/?page_id=292\">Kunsttherapeutische Methoden<\/a><\/strong><\/p>\n\n\n\n<p>Wichtig: Die Kosten f\u00fcr Kunsttherapie werden nicht von den Krankenkassen \u00fcbernommen. <\/p>\n\n\n\n<p><\/p>\n\n\n\n<p><a href=\"http:\/\/www.marynalavrenyuk.art\/?page_id=282\">So l\u00e4uft eine kunsttherapeutische Einheit ab<\/a><\/p>\n","protected":false},"excerpt":{"rendered":"<p>Die Kunst- und Kreativit\u00e4tstherapie als annerkannte Therapieform existiert seit dem 20. Jahrhundert und geh\u00f6rt zu j\u00fcngeren therapeutischen Disziplinen. Heutzutage findet sie im klinischen Bereich, in der p\u00e4dagogischen und heilp\u00e4dagogischen Arbeit, im sozialen sowie psychotherapeutischen Bereich Anwendung. Viele kunsttherapeutische Ans\u00e4tze zeigen nachweisbar Wirkung und erzielen positive Ver\u00e4nderungen im Wohlbefinden von Menschen. Dabei wird immer ressourcenorientiert gearbeitet. &hellip; <\/p>\n<p class=\"link-more\"><a href=\"http:\/\/www.marynalavrenyuk.art\/?page_id=153\" class=\"more-link\"><span class=\"screen-reader-text\">\u201eKunsttherapie\u201c<\/span> weiterlesen<\/a><\/p>\n","protected":false},"author":2,"featured_media":0,"parent":0,"menu_order":0,"comment_status":"closed","ping_status":"closed","template":"","meta":{"footnotes":""},"class_list":["post-153","page","type-page","status-publish","hentry"],"_links":{"self":[{"href":"http:\/\/www.marynalavrenyuk.art\/index.php?rest_route=\/wp\/v2\/pages\/153","targetHints":{"allow":["GET"]}}],"collection":[{"href":"http:\/\/www.marynalavrenyuk.art\/index.php?rest_route=\/wp\/v2\/pages"}],"about":[{"href":"http:\/\/www.marynalavrenyuk.art\/index.php?rest_route=\/wp\/v2\/types\/page"}],"author":[{"embeddable":true,"href":"http:\/\/www.marynalavrenyuk.art\/index.php?rest_route=\/wp\/v2\/users\/2"}],"replies":[{"embeddable":true,"href":"http:\/\/www.marynalavrenyuk.art\/index.php?rest_route=%2Fwp%2Fv2%2Fcomments&post=153"}],"version-history":[{"count":24,"href":"http:\/\/www.marynalavrenyuk.art\/index.php?rest_route=\/wp\/v2\/pages\/153\/revisions"}],"predecessor-version":[{"id":771,"href":"http:\/\/www.marynalavrenyuk.art\/index.php?rest_route=\/wp\/v2\/pages\/153\/revisions\/771"}],"wp:attachment":[{"href":"http:\/\/www.marynalavrenyuk.art\/index.php?rest_route=%2Fwp%2Fv2%2Fmedia&parent=153"}],"curies":[{"name":"wp","href":"https:\/\/api.w.org\/{rel}","templated":true}]}}